{"id":115,"date":"2024-10-03T14:46:39","date_gmt":"2024-10-03T14:46:39","guid":{"rendered":"https:\/\/deglace.tech\/?post_type=product&#038;p=115"},"modified":"2026-03-20T14:29:34","modified_gmt":"2026-03-20T13:29:34","slug":"fraction","status":"publish","type":"product","link":"https:\/\/deglace.tech\/en\/product\/fraction\/","title":{"rendered":"Fraction"},"content":{"rendered":"","protected":false},"excerpt":{"rendered":"<h5>The ultimate vacuum cleaner<\/h5>\n<p>Fraction est l\u2019aspirateur balai de nouvelle g\u00e9n\u00e9ration, con\u00e7u pour red\u00e9finir l&rsquo;entretien au quotidien.<\/p>\n<p>Alliant sans concession l\u2019innovation et le design, Fraction r\u00e9pond aux besoins exigeants des particuliers et des professionnels soucieux d\u2019un mode de vie plus durable et respectueux de l\u2019environnement.<\/p>","protected":false},"featured_media":1799,"comment_status":"open","ping_status":"closed","template":"","meta":{"_acf_changed":false,"site-sidebar-layout":"default","site-content-layout":"","ast-site-content-layout":"default","site-content-style":"default","site-sidebar-style":"default","ast-global-header-display":"","ast-banner-title-visibility":"","ast-main-header-display":"","ast-hfb-above-header-display":"","ast-hfb-below-header-display":"","ast-hfb-mobile-header-display":"","site-post-title":"","ast-breadcrumbs-content":"","ast-featured-img":"","footer-sml-layout":"","theme-transparent-header-meta":"default","adv-header-id-meta":"","stick-header-meta":"","header-above-stick-meta":"","header-main-stick-meta":"","header-below-stick-meta":"","astra-migrate-meta-layouts":"set","ast-page-background-enabled":"default","ast-page-background-meta":{"desktop":{"background-color":"var(--ast-global-color-4)","background-image":"","background-repeat":"repeat","background-position":"center center","background-size":"auto","background-attachment":"scroll","background-type":"","background-media":"","overlay-type":"","overlay-color":"","overlay-opacity":"","overlay-gradient":""},"tablet":{"background-color":"","background-image":"","background-repeat":"repeat","background-position":"center center","background-size":"auto","background-attachment":"scroll","background-type":"","background-media":"","overlay-type":"","overlay-color":"","overlay-opacity":"","overlay-gradient":""},"mobile":{"background-color":"","background-image":"","background-repeat":"repeat","background-position":"center center","background-size":"auto","background-attachment":"scroll","background-type":"","background-media":"","overlay-type":"","overlay-color":"","overlay-opacity":"","overlay-gradient":""}},"ast-content-background-meta":{"desktop":{"background-color":"var(--ast-global-color-5)","background-image":"","background-repeat":"repeat","background-position":"center center","background-size":"auto","background-attachment":"scroll","background-type":"","background-media":"","overlay-type":"","overlay-color":"","overlay-opacity":"","overlay-gradient":""},"tablet":{"background-color":"var(--ast-global-color-5)","background-image":"","background-repeat":"repeat","background-position":"center center","background-size":"auto","background-attachment":"scroll","background-type":"","background-media":"","overlay-type":"","overlay-color":"","overlay-opacity":"","overlay-gradient":""},"mobile":{"background-color":"var(--ast-global-color-5)","background-image":"","background-repeat":"repeat","background-position":"center center","background-size":"auto","background-attachment":"scroll","background-type":"","background-media":"","overlay-type":"","overlay-color":"","overlay-opacity":"","overlay-gradient":""}}},"product_brand":[],"product_cat":[16],"product_tag":[],"class_list":{"0":"post-115","1":"product","2":"type-product","3":"status-publish","4":"has-post-thumbnail","6":"product_cat-non-classe","7":"desktop-align-left","8":"tablet-align-left","9":"mobile-align-left","11":"first","12":"outofstock","13":"taxable","14":"shipping-taxable","15":"purchasable","16":"product-type-simple"},"acf":[],"yoast_head":"<!-- This site is optimized with the Yoast SEO plugin v24.1 - https:\/\/yoast.com\/wordpress\/plugins\/seo\/ -->\n<title>Fraction - Deglace<\/title>\n<meta name=\"description\" content=\"Fraction est l\u2019aspirateur balai de nouvelle g\u00e9n\u00e9ration, con\u00e7u pour red\u00e9finir l\u2019entretien au quotidien. Alliant sans concession l\u2019innovation et le design, Fraction r\u00e9pond aux besoins exigeants des particuliers et des professionnels soucieux d\u2019un mode de vie plus durable et respectueux de l\u2019environnement.\" \/>\n<meta name=\"robots\" content=\"index, follow, max-snippet:-1, max-image-preview:large, max-video-preview:-1\" \/>\n<link rel=\"canonical\" href=\"https:\/\/deglace.tech\/en\/product\/fraction\/\" \/>\n<meta property=\"og:locale\" content=\"en_GB\" \/>\n<meta property=\"og:type\" content=\"article\" \/>\n<meta property=\"og:title\" content=\"Fraction - Deglace\" \/>\n<meta property=\"og:description\" content=\"Fraction est l\u2019aspirateur balai de nouvelle g\u00e9n\u00e9ration, con\u00e7u pour red\u00e9finir l\u2019entretien au quotidien. Alliant sans concession l\u2019innovation et le design, Fraction r\u00e9pond aux besoins exigeants des particuliers et des professionnels soucieux d\u2019un mode de vie plus durable et respectueux de l\u2019environnement.\" \/>\n<meta property=\"og:url\" content=\"https:\/\/deglace.tech\/en\/product\/fraction\/\" \/>\n<meta property=\"og:site_name\" content=\"Deglace\" \/>\n<meta property=\"article:publisher\" content=\"https:\/\/www.facebook.com\/profile.php?id=61553582349744\" \/>\n<meta property=\"article:modified_time\" content=\"2026-03-20T13:29:34+00:00\" \/>\n<meta property=\"og:image\" content=\"https:\/\/deglace.tech\/wp-content\/uploads\/2024\/10\/1-gris.png\" \/>\n\t<meta property=\"og:image:width\" content=\"1500\" \/>\n\t<meta property=\"og:image:height\" content=\"1500\" \/>\n\t<meta property=\"og:image:type\" content=\"image\/png\" \/>\n<meta name=\"twitter:card\" content=\"summary_large_image\" \/>\n<meta name=\"twitter:label1\" content=\"Estimated reading time\" \/>\n\t<meta name=\"twitter:data1\" content=\"1 minute\" \/>\n<script type=\"application\/ld+json\" class=\"yoast-schema-graph\">{\"@context\":\"https:\/\/schema.org\",\"@graph\":[{\"@type\":\"WebPage\",\"@id\":\"https:\/\/deglace.tech\/product\/fraction\/\",\"url\":\"https:\/\/deglace.tech\/product\/fraction\/\",\"name\":\"Fraction - Deglace\",\"isPartOf\":{\"@id\":\"https:\/\/deglace.tech\/#website\"},\"primaryImageOfPage\":{\"@id\":\"https:\/\/deglace.tech\/product\/fraction\/#primaryimage\"},\"image\":{\"@id\":\"https:\/\/deglace.tech\/product\/fraction\/#primaryimage\"},\"thumbnailUrl\":\"https:\/\/deglace.tech\/wp-content\/uploads\/2024\/10\/1-gris.png\",\"datePublished\":\"2024-10-03T14:46:39+00:00\",\"dateModified\":\"2026-03-20T13:29:34+00:00\",\"description\":\"Fraction est l\u2019aspirateur balai de nouvelle g\u00e9n\u00e9ration, con\u00e7u pour red\u00e9finir l\u2019entretien au quotidien. Alliant sans concession l\u2019innovation et le design, Fraction r\u00e9pond aux besoins exigeants des particuliers et des professionnels soucieux d\u2019un mode de vie plus durable et respectueux de l\u2019environnement.\",\"breadcrumb\":{\"@id\":\"https:\/\/deglace.tech\/product\/fraction\/#breadcrumb\"},\"inLanguage\":\"en-GB\",\"potentialAction\":[{\"@type\":\"ReadAction\",\"target\":[\"https:\/\/deglace.tech\/product\/fraction\/\"]}]},{\"@type\":\"ImageObject\",\"inLanguage\":\"en-GB\",\"@id\":\"https:\/\/deglace.tech\/product\/fraction\/#primaryimage\",\"url\":\"https:\/\/deglace.tech\/wp-content\/uploads\/2024\/10\/1-gris.png\",\"contentUrl\":\"https:\/\/deglace.tech\/wp-content\/uploads\/2024\/10\/1-gris.png\",\"width\":1500,\"height\":1500},{\"@type\":\"BreadcrumbList\",\"@id\":\"https:\/\/deglace.tech\/product\/fraction\/#breadcrumb\",\"itemListElement\":[{\"@type\":\"ListItem\",\"position\":1,\"name\":\"Accueil\",\"item\":\"https:\/\/deglace.tech\/\"},{\"@type\":\"ListItem\",\"position\":2,\"name\":\"Produits\",\"item\":\"https:\/\/deglace.tech\/shop\/\"},{\"@type\":\"ListItem\",\"position\":3,\"name\":\"Fraction\"}]},{\"@type\":\"WebSite\",\"@id\":\"https:\/\/deglace.tech\/#website\",\"url\":\"https:\/\/deglace.tech\/\",\"name\":\"Deglace\",\"description\":\"Power within your hands\",\"publisher\":{\"@id\":\"https:\/\/deglace.tech\/#organization\"},\"potentialAction\":[{\"@type\":\"SearchAction\",\"target\":{\"@type\":\"EntryPoint\",\"urlTemplate\":\"https:\/\/deglace.tech\/?s={search_term_string}\"},\"query-input\":{\"@type\":\"PropertyValueSpecification\",\"valueRequired\":true,\"valueName\":\"search_term_string\"}}],\"inLanguage\":\"en-GB\"},{\"@type\":\"Organization\",\"@id\":\"https:\/\/deglace.tech\/#organization\",\"name\":\"Deglace\",\"url\":\"https:\/\/deglace.tech\/\",\"logo\":{\"@type\":\"ImageObject\",\"inLanguage\":\"en-GB\",\"@id\":\"https:\/\/deglace.tech\/#\/schema\/logo\/image\/\",\"url\":\"https:\/\/deglace.tech\/wp-content\/uploads\/2024\/10\/DEGLACE-LOGO-BLACK-2025.png\",\"contentUrl\":\"https:\/\/deglace.tech\/wp-content\/uploads\/2024\/10\/DEGLACE-LOGO-BLACK-2025.png\",\"width\":500,\"height\":112,\"caption\":\"Deglace\"},\"image\":{\"@id\":\"https:\/\/deglace.tech\/#\/schema\/logo\/image\/\"},\"sameAs\":[\"https:\/\/www.facebook.com\/profile.php?id=61553582349744\",\"https:\/\/www.instagram.com\/deglace.tech\/\",\"https:\/\/www.linkedin.com\/company\/deglace\/?originalSubdomain=fr\"]}]}<\/script>\n<!-- \/ Yoast SEO plugin. -->","yoast_head_json":{"title":"Fraction - Deglace","description":"Fraction est l\u2019aspirateur balai de nouvelle g\u00e9n\u00e9ration, con\u00e7u pour red\u00e9finir l\u2019entretien au quotidien. Alliant sans concession l\u2019innovation et le design, Fraction r\u00e9pond aux besoins exigeants des particuliers et des professionnels soucieux d\u2019un mode de vie plus durable et respectueux de l\u2019environnement.","robots":{"index":"index","follow":"follow","max-snippet":"max-snippet:-1","max-image-preview":"max-image-preview:large","max-video-preview":"max-video-preview:-1"},"canonical":"https:\/\/deglace.tech\/en\/product\/fraction\/","og_locale":"en_GB","og_type":"article","og_title":"Fraction - Deglace","og_description":"Fraction est l\u2019aspirateur balai de nouvelle g\u00e9n\u00e9ration, con\u00e7u pour red\u00e9finir l\u2019entretien au quotidien. Alliant sans concession l\u2019innovation et le design, Fraction r\u00e9pond aux besoins exigeants des particuliers et des professionnels soucieux d\u2019un mode de vie plus durable et respectueux de l\u2019environnement.","og_url":"https:\/\/deglace.tech\/en\/product\/fraction\/","og_site_name":"Deglace","article_publisher":"https:\/\/www.facebook.com\/profile.php?id=61553582349744","article_modified_time":"2026-03-20T13:29:34+00:00","og_image":[{"width":1500,"height":1500,"url":"https:\/\/deglace.tech\/wp-content\/uploads\/2024\/10\/1-gris.png","type":"image\/png"}],"twitter_card":"summary_large_image","twitter_misc":{"Estimated reading time":"1 minute"},"schema":{"@context":"https:\/\/schema.org","@graph":[{"@type":"WebPage","@id":"https:\/\/deglace.tech\/product\/fraction\/","url":"https:\/\/deglace.tech\/product\/fraction\/","name":"Fraction - Deglace","isPartOf":{"@id":"https:\/\/deglace.tech\/#website"},"primaryImageOfPage":{"@id":"https:\/\/deglace.tech\/product\/fraction\/#primaryimage"},"image":{"@id":"https:\/\/deglace.tech\/product\/fraction\/#primaryimage"},"thumbnailUrl":"https:\/\/deglace.tech\/wp-content\/uploads\/2024\/10\/1-gris.png","datePublished":"2024-10-03T14:46:39+00:00","dateModified":"2026-03-20T13:29:34+00:00","description":"Fraction est l\u2019aspirateur balai de nouvelle g\u00e9n\u00e9ration, con\u00e7u pour red\u00e9finir l\u2019entretien au quotidien. Alliant sans concession l\u2019innovation et le design, Fraction r\u00e9pond aux besoins exigeants des particuliers et des professionnels soucieux d\u2019un mode de vie plus durable et respectueux de l\u2019environnement.","breadcrumb":{"@id":"https:\/\/deglace.tech\/product\/fraction\/#breadcrumb"},"inLanguage":"en-GB","potentialAction":[{"@type":"ReadAction","target":["https:\/\/deglace.tech\/product\/fraction\/"]}]},{"@type":"ImageObject","inLanguage":"en-GB","@id":"https:\/\/deglace.tech\/product\/fraction\/#primaryimage","url":"https:\/\/deglace.tech\/wp-content\/uploads\/2024\/10\/1-gris.png","contentUrl":"https:\/\/deglace.tech\/wp-content\/uploads\/2024\/10\/1-gris.png","width":1500,"height":1500},{"@type":"BreadcrumbList","@id":"https:\/\/deglace.tech\/product\/fraction\/#breadcrumb","itemListElement":[{"@type":"ListItem","position":1,"name":"Accueil","item":"https:\/\/deglace.tech\/"},{"@type":"ListItem","position":2,"name":"Produits","item":"https:\/\/deglace.tech\/shop\/"},{"@type":"ListItem","position":3,"name":"Fraction"}]},{"@type":"WebSite","@id":"https:\/\/deglace.tech\/#website","url":"https:\/\/deglace.tech\/","name":"Deglace","description":"Power within your hands","publisher":{"@id":"https:\/\/deglace.tech\/#organization"},"potentialAction":[{"@type":"SearchAction","target":{"@type":"EntryPoint","urlTemplate":"https:\/\/deglace.tech\/?s={search_term_string}"},"query-input":{"@type":"PropertyValueSpecification","valueRequired":true,"valueName":"search_term_string"}}],"inLanguage":"en-GB"},{"@type":"Organization","@id":"https:\/\/deglace.tech\/#organization","name":"Deglace","url":"https:\/\/deglace.tech\/","logo":{"@type":"ImageObject","inLanguage":"en-GB","@id":"https:\/\/deglace.tech\/#\/schema\/logo\/image\/","url":"https:\/\/deglace.tech\/wp-content\/uploads\/2024\/10\/DEGLACE-LOGO-BLACK-2025.png","contentUrl":"https:\/\/deglace.tech\/wp-content\/uploads\/2024\/10\/DEGLACE-LOGO-BLACK-2025.png","width":500,"height":112,"caption":"Deglace"},"image":{"@id":"https:\/\/deglace.tech\/#\/schema\/logo\/image\/"},"sameAs":["https:\/\/www.facebook.com\/profile.php?id=61553582349744","https:\/\/www.instagram.com\/deglace.tech\/","https:\/\/www.linkedin.com\/company\/deglace\/?originalSubdomain=fr"]}]}},"_links":{"self":[{"href":"https:\/\/deglace.tech\/en\/wp-json\/wp\/v2\/product\/115","targetHints":{"allow":["GET"]}}],"collection":[{"href":"https:\/\/deglace.tech\/en\/wp-json\/wp\/v2\/product"}],"about":[{"href":"https:\/\/deglace.tech\/en\/wp-json\/wp\/v2\/types\/product"}],"replies":[{"embeddable":true,"href":"https:\/\/deglace.tech\/en\/wp-json\/wp\/v2\/comments?post=115"}],"wp:featuredmedia":[{"embeddable":true,"href":"https:\/\/deglace.tech\/en\/wp-json\/wp\/v2\/media\/1799"}],"wp:attachment":[{"href":"https:\/\/deglace.tech\/en\/wp-json\/wp\/v2\/media?parent=115"}],"wp:term":[{"taxonomy":"product_brand","embeddable":true,"href":"https:\/\/deglace.tech\/en\/wp-json\/wp\/v2\/product_brand?post=115"},{"taxonomy":"product_cat","embeddable":true,"href":"https:\/\/deglace.tech\/en\/wp-json\/wp\/v2\/product_cat?post=115"},{"taxonomy":"product_tag","embeddable":true,"href":"https:\/\/deglace.tech\/en\/wp-json\/wp\/v2\/product_tag?post=115"}],"curies":[{"name":"wp","href":"https:\/\/api.w.org\/{rel}","templated":true}]}}